{"id":561,"date":"2019-06-24T04:11:28","date_gmt":"2019-06-23T21:11:28","guid":{"rendered":"https:\/\/vietprint.com\/product\/in-to-roi-cho-quan-sinh-to-cafe-lazi\/"},"modified":"2021-05-20T14:36:55","modified_gmt":"2021-05-20T07:36:55","slug":"lazi-cafe-flyer-sample","status":"publish","type":"product","link":"https:\/\/vietprint.com\/en\/lazi-cafe-flyer-sample\/","title":{"rendered":"Lazi Caf\u00e9 Flyer Sample"},"content":{"rendered":"<table>\n<tbody>\n<tr>\n<td width=\"312\">Here is a flyer sample we consulted and designed for Lazi Caf\u00e9.<\/p>\n<p>Lazi Caf\u00e9, a caf\u00e9 and smoothie shop located in a small alley, reached the wide range of customers thanks to our flyer printing service. Distributing flyers is an economical and effective advertising strategy.<\/p>\n<p>Size A5: 14.5 x 21cm<\/p>\n<p>Quantity: 4000 sheets<\/p>\n<p>Amount: 1,050,000 VND<\/p>\n<p>Contact for printing:<\/p>\n<p>Send email: <a href=\"in@alona.vn\">in@alona.vn<\/a><\/p>\n<p>Phone: (08) 6681 8850<\/p>\n<p>Address: 22 Bau Cat 2, Ward 14, Tan Binh District, Ho Chi Minh City<\/td>\n<\/tr>\n<\/tbody>\n<\/table>\n<div style=\"display: none;\"\n    class=\"kk-star-ratings kksr-valign-bottom kksr-align-left kksr-disabled\"\n    data-id=\"561\"\n    data-slug=\"\">\n    <div class=\"kksr-stars\">\n    <div class=\"kksr-stars-inactive\">\n            <div class=\"kksr-star\" data-star=\"1\">\n            <div class=\"kksr-icon\" style=\"width: px; height: px;\"><\/div>\n        <\/div>\n            <div class=\"kksr-star\" data-star=\"2\">\n            <div class=\"kksr-icon\" style=\"width: px; height: px;\"><\/div>\n        <\/div>\n            <div class=\"kksr-star\" data-star=\"3\">\n            <div class=\"kksr-icon\" style=\"width: px; height: px;\"><\/div>\n        <\/div>\n            <div class=\"kksr-star\" data-star=\"4\">\n            <div class=\"kksr-icon\" style=\"width: px; height: px;\"><\/div>\n        <\/div>\n            <div class=\"kksr-star\" data-star=\"5\">\n            <div class=\"kksr-icon\" style=\"width: px; height: px;\"><\/div>\n        <\/div>\n    <\/div>\n    <div class=\"kksr-stars-active\" style=\"width: 0px;\">\n            <div class=\"kksr-star\">\n            <div class=\"kksr-icon\" style=\"width: px; height: px;\"><\/div>\n        <\/div>\n            <div class=\"kksr-star\">\n            <div class=\"kksr-icon\" style=\"width: px; height: px;\"><\/div>\n        <\/div>\n            <div class=\"kksr-star\">\n            <div class=\"kksr-icon\" style=\"width: px; height: px;\"><\/div>\n        <\/div>\n            <div class=\"kksr-star\">\n            <div class=\"kksr-icon\" style=\"width: px; height: px;\"><\/div>\n        <\/div>\n            <div class=\"kksr-star\">\n            <div class=\"kksr-icon\" style=\"width: px; height: px;\"><\/div>\n        <\/div>\n    <\/div>\n<\/div>\n    <div class=\"kksr-legend\">\n            <span class=\"kksr-muted\"><\/span>\n    <\/div>\n<\/div>\n","protected":false},"excerpt":{"rendered":"<p>Here is a flyer sample we consulted and designed.<\/p>\n<table>\n<tbody>\n<tr>\n<td width=\"312\">Here is a flyer sample we consulted and designed for Lazi Caf\u00e9.<\/p>\n<p>Lazi Caf\u00e9, a caf\u00e9 and smoothie shop located in a small alley, reached the wide range of customers thanks to our flyer printing service. Distributing flyers is an economical and effective advertising strategy.<\/p>\n<p>Size A5: 14.5 x 21cm<\/p>\n<p>Quantity: 4000 sheets<\/p>\n<p>Amount: 1,050,000 VND<\/p>\n<p>Contact us for more information!<\/td>\n<\/tr>\n<\/tbody>\n<\/table>\n","protected":false},"featured_media":0,"comment_status":"open","ping_status":"closed","template":"","meta":[],"yoast_head":"<!-- This site is optimized with the Yoast SEO plugin v15.6.2 - https:\/\/yoast.com\/wordpress\/plugins\/seo\/ -->\n<title>Lazi Caf\u00e9 Flyer Sample - Viet Print | Printing - Advertising - Gifts<\/title>\n<meta name=\"robots\" content=\"index, follow, max-snippet:-1, max-image-preview:large, max-video-preview:-1\" \/>\n<link rel=\"canonical\" href=\"https:\/\/vietprint.com\/en\/lazi-cafe-flyer-sample\/\" \/>\n<meta property=\"og:locale\" content=\"vi_VN\" \/>\n<meta property=\"og:type\" content=\"article\" \/>\n<meta property=\"og:title\" content=\"Lazi Caf\u00e9 Flyer Sample - Viet Print | Printing - Advertising - Gifts\" \/>\n<meta property=\"og:description\" content=\"Here is a flyer sample we consulted and designed.    Here is a flyer sample we consulted and designed for Lazi Caf\u00e9.  Lazi Caf\u00e9, a caf\u00e9 and smoothie shop located in a small alley, reached the wide range of customers thanks to our flyer printing service. Distributing flyers is an economical and effective advertising strategy.  Size A5: 14.5 x 21cm  Quantity: 4000 sheets  Amount: 1,050,000 VND  Contact us for more information!\" \/>\n<meta property=\"og:url\" content=\"https:\/\/vietprint.com\/en\/lazi-cafe-flyer-sample\/\" \/>\n<meta property=\"og:site_name\" content=\"Viet Print | Printing - Advertising - Gifts\" \/>\n<meta property=\"article:publisher\" content=\"https:\/\/facebook.com\/vietprint.com.vn\" \/>\n<meta property=\"article:modified_time\" content=\"2021-05-20T07:36:55+00:00\" \/>\n<meta name=\"twitter:card\" content=\"summary_large_image\" \/>\n<meta name=\"twitter:label1\" content=\"Est. reading time\">\n\t<meta name=\"twitter:data1\" content=\"1 ph\u00fat\">\n<script type=\"application\/ld+json\" class=\"yoast-schema-graph\">{\"@context\":\"https:\/\/schema.org\",\"@graph\":[{\"@type\":\"Organization\",\"@id\":\"https:\/\/vietprint.com\/en\/#organization\",\"name\":\"Viet Print\",\"url\":\"https:\/\/vietprint.com\/en\/\",\"sameAs\":[\"https:\/\/facebook.com\/vietprint.com.vn\"],\"logo\":{\"@type\":\"ImageObject\",\"@id\":\"https:\/\/vietprint.com\/en\/#logo\",\"inLanguage\":\"vi\",\"url\":\"\",\"caption\":\"Viet Print\"},\"image\":{\"@id\":\"https:\/\/vietprint.com\/en\/#logo\"}},{\"@type\":\"WebSite\",\"@id\":\"https:\/\/vietprint.com\/en\/#website\",\"url\":\"https:\/\/vietprint.com\/en\/\",\"name\":\"Viet Print | In \\u1ea5n - Qu\\u1ea3ng c\\u00e1o - Qu\\u00e0 t\\u1eb7ng gi\\u00e1 r\\u1ebb\",\"description\":\"Viet Print specializes in design - printing - advertising - professional gifts, offering the best price in Vietnam.\",\"publisher\":{\"@id\":\"https:\/\/vietprint.com\/en\/#organization\"},\"potentialAction\":[{\"@type\":\"SearchAction\",\"target\":\"https:\/\/vietprint.com\/en\/?s={search_term_string}\",\"query-input\":\"required name=search_term_string\"}],\"inLanguage\":\"vi\"},{\"@type\":\"WebPage\",\"@id\":\"https:\/\/vietprint.com\/en\/lazi-cafe-flyer-sample\/#webpage\",\"url\":\"https:\/\/vietprint.com\/en\/lazi-cafe-flyer-sample\/\",\"name\":\"Lazi Caf\\u00e9 Flyer Sample - Viet Print | Printing - Advertising - Gifts\",\"isPartOf\":{\"@id\":\"https:\/\/vietprint.com\/en\/#website\"},\"datePublished\":\"2019-06-23T21:11:28+00:00\",\"dateModified\":\"2021-05-20T07:36:55+00:00\",\"breadcrumb\":{\"@id\":\"https:\/\/vietprint.com\/en\/lazi-cafe-flyer-sample\/#breadcrumb\"},\"inLanguage\":\"vi\",\"potentialAction\":[{\"@type\":\"ReadAction\",\"target\":[\"https:\/\/vietprint.com\/en\/lazi-cafe-flyer-sample\/\"]}]},{\"@type\":\"BreadcrumbList\",\"@id\":\"https:\/\/vietprint.com\/en\/lazi-cafe-flyer-sample\/#breadcrumb\",\"itemListElement\":[{\"@type\":\"ListItem\",\"position\":1,\"item\":{\"@type\":\"WebPage\",\"@id\":\"https:\/\/vietprint.com\/en\/\",\"url\":\"https:\/\/vietprint.com\/en\/\",\"name\":\"Trang ch\\u1ee7\"}},{\"@type\":\"ListItem\",\"position\":2,\"item\":{\"@type\":\"WebPage\",\"@id\":\"https:\/\/vietprint.com\/en\/products\/\",\"url\":\"https:\/\/vietprint.com\/en\/products\/\",\"name\":\"PRODUCTS\"}},{\"@type\":\"ListItem\",\"position\":3,\"item\":{\"@type\":\"WebPage\",\"@id\":\"https:\/\/vietprint.com\/en\/flyers-leaflets-brochures\/\",\"url\":\"https:\/\/vietprint.com\/en\/flyers-leaflets-brochures\/\",\"name\":\"Flyers - Leaflets - Brochures\"}},{\"@type\":\"ListItem\",\"position\":4,\"item\":{\"@type\":\"WebPage\",\"@id\":\"https:\/\/vietprint.com\/en\/lazi-cafe-flyer-sample\/\",\"url\":\"https:\/\/vietprint.com\/en\/lazi-cafe-flyer-sample\/\",\"name\":\"Lazi Caf\\u00e9 Flyer Sample\"}}]}]}<\/script>\n<!-- \/ Yoast SEO plugin. -->","_links":{"self":[{"href":"https:\/\/vietprint.com\/en\/wp-json\/wp\/v2\/product\/561"}],"collection":[{"href":"https:\/\/vietprint.com\/en\/wp-json\/wp\/v2\/product"}],"about":[{"href":"https:\/\/vietprint.com\/en\/wp-json\/wp\/v2\/types\/product"}],"replies":[{"embeddable":true,"href":"https:\/\/vietprint.com\/en\/wp-json\/wp\/v2\/comments?post=561"}],"wp:attachment":[{"href":"https:\/\/vietprint.com\/en\/wp-json\/wp\/v2\/media?parent=561"}],"curies":[{"name":"wp","href":"https:\/\/api.w.org\/{rel}","templated":true}]}}